{"id":8,"date":"2024-02-13T15:51:53","date_gmt":"2024-02-13T13:51:53","guid":{"rendered":"https:\/\/maasalo.fi\/?page_id=8"},"modified":"2026-03-05T13:43:41","modified_gmt":"2026-03-05T11:43:41","slug":"kuvanveistaja-antti-maasalo","status":"publish","type":"page","link":"https:\/\/maasalo.fi\/","title":{"rendered":"Kuvanveist\u00e4j\u00e4 Antti Maasalo"},"content":{"rendered":"\t\t<div data-elementor-type=\"wp-page\" data-elementor-id=\"8\" class=\"elementor elementor-8\" data-elementor-post-type=\"page\">\n\t\t\t\t<div class=\"elementor-element elementor-element-b8da05e e-flex e-con-boxed e-con e-parent\" data-id=\"b8da05e\" data-element_type=\"container\" data-e-type=\"container\" data-settings=\"{&quot;background_background&quot;:&quot;classic&quot;}\">\n\t\t\t\t\t<div class=\"e-con-inner\">\n\t\t\t\t<div class=\"elementor-element elementor-element-a832d3e elementor-widget elementor-widget-heading\" data-id=\"a832d3e\" data-element_type=\"widget\" data-e-type=\"widget\" data-widget_type=\"heading.default\">\n\t\t\t\t<div class=\"elementor-widget-container\">\n\t\t\t\t\t<h2 class=\"elementor-heading-title elementor-size-default\">Valon ja liikkeen vuosikymmenet\n\n<\/h2>\t\t\t\t<\/div>\n\t\t\t\t<\/div>\n\t\t\t\t<div class=\"elementor-element elementor-element-9791857 elementor-widget elementor-widget-heading\" data-id=\"9791857\" data-element_type=\"widget\" data-e-type=\"widget\" data-widget_type=\"heading.default\">\n\t\t\t\t<div class=\"elementor-widget-container\">\n\t\t\t\t\t<h2 class=\"elementor-heading-title elementor-size-default\">Kuvanveisto-, video-, valo-, laser- ja tietokonetaide<\/h2>\t\t\t\t<\/div>\n\t\t\t\t<\/div>\n\t\t\t\t<div class=\"elementor-element elementor-element-e50225e elementor-widget elementor-widget-text-editor\" data-id=\"e50225e\" data-element_type=\"widget\" data-e-type=\"widget\" data-widget_type=\"text-editor.default\">\n\t\t\t\t<div class=\"elementor-widget-container\">\n\t\t\t\t\t\t\t\t\t<p>Antti Maasalon taiteessa on keskeist\u00e4 ajan kuvaaminen liikkeen kautta, ns. aika-tila on h\u00e4nen tapansa k\u00e4sitell\u00e4 ulottuvuuksia. Samalla h\u00e4n kuvaa tajunnan kerrostumia. Teoksissa katsotaan samanaikaisesti avaruuteen ja mielen syvyyksiin.<\/p><p>Maasalon tilateoksissa voi aistia menneen ja tulevan, \u00e4\u00e4rellisen ja \u00e4\u00e4rett\u00f6m\u00e4n. Soiva tila luo illuusion neliulotteisesta avaruudesta. Liike ajan hahmottajana suuntautuu samalla mikro- ja makrokosmokseen. Muuttuva valo- ja kuvasignaalien peilitila kertoo muiston tallettamasta ajasta.<\/p><p>Maasalo k\u00e4ytt\u00e4\u00e4 teoksissaan materiaaleja puusta ter\u00e4kseen ja maa-aineisiin. H\u00e4n ty\u00f6st\u00e4\u00e4 konstruktioita valoista ja lasereista video- ja tietokonetekniikkaa apunaan k\u00e4ytt\u00e4en. Materiaaleiksi h\u00e4n mielt\u00e4\u00e4 my\u00f6s maapallolla vallitsevat ilmi\u00f6t, tuulen ja auringon valon.<\/p><p>Luonnonsuojelun ja pehmeiden el\u00e4m\u00e4narvojen puolestapuhujana h\u00e4n on rakentanut my\u00f6s tuulen ja veden kosketuksella liikkuvia teoksia.<\/p>\t\t\t\t\t\t\t\t<\/div>\n\t\t\t\t<\/div>\n\t\t<div class=\"elementor-element elementor-element-6ae0a22 e-flex e-con-boxed e-con e-child\" data-id=\"6ae0a22\" data-element_type=\"container\" data-e-type=\"container\">\n\t\t\t\t\t<div class=\"e-con-inner\">\n\t\t<div class=\"elementor-element elementor-element-7498c9e e-flex e-con-boxed e-con e-child\" data-id=\"7498c9e\" data-element_type=\"container\" data-e-type=\"container\">\n\t\t\t\t\t<div class=\"e-con-inner\">\n\t\t\t\t<div class=\"elementor-element elementor-element-4d5ded6 elementor-widget elementor-widget-video\" data-id=\"4d5ded6\" data-element_type=\"widget\" data-e-type=\"widget\" data-settings=\"{&quot;youtube_url&quot;:&quot;https:\\\/\\\/youtu.be\\\/Efc9Los6pz4&quot;,&quot;video_type&quot;:&quot;youtube&quot;,&quot;controls&quot;:&quot;yes&quot;}\" data-widget_type=\"video.default\">\n\t\t\t\t<div class=\"elementor-widget-container\">\n\t\t\t\t\t\t\t<div class=\"elementor-wrapper elementor-open-inline\">\n\t\t\t<div class=\"elementor-video\"><\/div>\t\t<\/div>\n\t\t\t\t\t\t<\/div>\n\t\t\t\t<\/div>\n\t\t\t\t\t<\/div>\n\t\t\t\t<\/div>\n\t\t<div class=\"elementor-element elementor-element-fc7759c e-flex e-con-boxed e-con e-child\" data-id=\"fc7759c\" data-element_type=\"container\" data-e-type=\"container\">\n\t\t\t\t\t<div class=\"e-con-inner\">\n\t\t\t\t<div class=\"elementor-element elementor-element-e254332 elementor-widget elementor-widget-video\" data-id=\"e254332\" data-element_type=\"widget\" data-e-type=\"widget\" data-settings=\"{&quot;youtube_url&quot;:&quot;https:\\\/\\\/youtu.be\\\/wxmfoM3Lm18&quot;,&quot;video_type&quot;:&quot;youtube&quot;,&quot;controls&quot;:&quot;yes&quot;}\" data-widget_type=\"video.default\">\n\t\t\t\t<div class=\"elementor-widget-container\">\n\t\t\t\t\t\t\t<div class=\"elementor-wrapper elementor-open-inline\">\n\t\t\t<div class=\"elementor-video\"><\/div>\t\t<\/div>\n\t\t\t\t\t\t<\/div>\n\t\t\t\t<\/div>\n\t\t\t\t\t<\/div>\n\t\t\t\t<\/div>\n\t\t<div class=\"elementor-element elementor-element-9b09bc2 e-flex e-con-boxed e-con e-child\" data-id=\"9b09bc2\" data-element_type=\"container\" data-e-type=\"container\">\n\t\t\t\t\t<div class=\"e-con-inner\">\n\t\t\t\t<div class=\"elementor-element elementor-element-92aa1ea elementor-widget elementor-widget-video\" data-id=\"92aa1ea\" data-element_type=\"widget\" data-e-type=\"widget\" data-settings=\"{&quot;youtube_url&quot;:&quot;https:\\\/\\\/youtu.be\\\/PBLDJON7Lsk&quot;,&quot;video_type&quot;:&quot;youtube&quot;,&quot;controls&quot;:&quot;yes&quot;}\" data-widget_type=\"video.default\">\n\t\t\t\t<div class=\"elementor-widget-container\">\n\t\t\t\t\t\t\t<div class=\"elementor-wrapper elementor-open-inline\">\n\t\t\t<div class=\"elementor-video\"><\/div>\t\t<\/div>\n\t\t\t\t\t\t<\/div>\n\t\t\t\t<\/div>\n\t\t\t\t\t<\/div>\n\t\t\t\t<\/div>\n\t\t<div class=\"elementor-element elementor-element-d4f9f27 e-con-full e-flex e-con e-child\" data-id=\"d4f9f27\" data-element_type=\"container\" data-e-type=\"container\">\n\t\t\t\t<div class=\"elementor-element elementor-element-4bf3772 elementor-widget elementor-widget-video\" data-id=\"4bf3772\" data-element_type=\"widget\" data-e-type=\"widget\" data-settings=\"{&quot;youtube_url&quot;:&quot;https:\\\/\\\/www.youtube.com\\\/watch?v=W5g2t2ZMbKQ&quot;,&quot;video_type&quot;:&quot;youtube&quot;,&quot;controls&quot;:&quot;yes&quot;}\" data-widget_type=\"video.default\">\n\t\t\t\t<div class=\"elementor-widget-container\">\n\t\t\t\t\t\t\t<div class=\"elementor-wrapper elementor-open-inline\">\n\t\t\t<div class=\"elementor-video\"><\/div>\t\t<\/div>\n\t\t\t\t\t\t<\/div>\n\t\t\t\t<\/div>\n\t\t\t\t<\/div>\n\t\t\t\t\t<\/div>\n\t\t\t\t<\/div>\n\t\t<div class=\"elementor-element elementor-element-9448211 e-flex e-con-boxed e-con e-child\" data-id=\"9448211\" data-element_type=\"container\" data-e-type=\"container\">\n\t\t\t\t\t<div class=\"e-con-inner\">\n\t\t<div class=\"elementor-element elementor-element-0278e8c e-flex e-con-boxed e-con e-child\" data-id=\"0278e8c\" data-element_type=\"container\" data-e-type=\"container\">\n\t\t\t\t\t<div class=\"e-con-inner\">\n\t\t\t\t<div class=\"elementor-element elementor-element-7777c8e elementor-widget elementor-widget-video\" data-id=\"7777c8e\" data-element_type=\"widget\" data-e-type=\"widget\" data-settings=\"{&quot;youtube_url&quot;:&quot;https:\\\/\\\/youtu.be\\\/hOz9zuhFzYE&quot;,&quot;video_type&quot;:&quot;youtube&quot;,&quot;controls&quot;:&quot;yes&quot;}\" data-widget_type=\"video.default\">\n\t\t\t\t<div class=\"elementor-widget-container\">\n\t\t\t\t\t\t\t<div class=\"elementor-wrapper elementor-open-inline\">\n\t\t\t<div class=\"elementor-video\"><\/div>\t\t<\/div>\n\t\t\t\t\t\t<\/div>\n\t\t\t\t<\/div>\n\t\t\t\t\t<\/div>\n\t\t\t\t<\/div>\n\t\t<div class=\"elementor-element elementor-element-9446552 e-flex e-con-boxed e-con e-child\" data-id=\"9446552\" data-element_type=\"container\" data-e-type=\"container\">\n\t\t\t\t\t<div class=\"e-con-inner\">\n\t\t\t\t<div class=\"elementor-element elementor-element-23d970b elementor-widget elementor-widget-video\" data-id=\"23d970b\" data-element_type=\"widget\" data-e-type=\"widget\" data-settings=\"{&quot;youtube_url&quot;:&quot;https:\\\/\\\/youtu.be\\\/m0tEzcPDccY&quot;,&quot;video_type&quot;:&quot;youtube&quot;,&quot;controls&quot;:&quot;yes&quot;}\" data-widget_type=\"video.default\">\n\t\t\t\t<div class=\"elementor-widget-container\">\n\t\t\t\t\t\t\t<div class=\"elementor-wrapper elementor-open-inline\">\n\t\t\t<div class=\"elementor-video\"><\/div>\t\t<\/div>\n\t\t\t\t\t\t<\/div>\n\t\t\t\t<\/div>\n\t\t\t\t\t<\/div>\n\t\t\t\t<\/div>\n\t\t<div class=\"elementor-element elementor-element-c202957 e-flex e-con-boxed e-con e-child\" data-id=\"c202957\" data-element_type=\"container\" data-e-type=\"container\">\n\t\t\t\t\t<div class=\"e-con-inner\">\n\t\t\t\t<div class=\"elementor-element elementor-element-b78b157 elementor-widget elementor-widget-video\" data-id=\"b78b157\" data-element_type=\"widget\" data-e-type=\"widget\" data-settings=\"{&quot;youtube_url&quot;:&quot;https:\\\/\\\/youtu.be\\\/7ik-GqZ5M6E&quot;,&quot;video_type&quot;:&quot;youtube&quot;,&quot;controls&quot;:&quot;yes&quot;}\" data-widget_type=\"video.default\">\n\t\t\t\t<div class=\"elementor-widget-container\">\n\t\t\t\t\t\t\t<div class=\"elementor-wrapper elementor-open-inline\">\n\t\t\t<div class=\"elementor-video\"><\/div>\t\t<\/div>\n\t\t\t\t\t\t<\/div>\n\t\t\t\t<\/div>\n\t\t\t\t\t<\/div>\n\t\t\t\t<\/div>\n\t\t<div class=\"elementor-element elementor-element-c8b7f66 e-con-full e-flex e-con e-child\" data-id=\"c8b7f66\" data-element_type=\"container\" data-e-type=\"container\">\n\t\t\t\t<div class=\"elementor-element elementor-element-570fad3 elementor-widget elementor-widget-video\" data-id=\"570fad3\" data-element_type=\"widget\" data-e-type=\"widget\" data-settings=\"{&quot;youtube_url&quot;:&quot;https:\\\/\\\/www.youtube.com\\\/watch?v=P2szbQSFLx0&quot;,&quot;video_type&quot;:&quot;youtube&quot;,&quot;controls&quot;:&quot;yes&quot;}\" data-widget_type=\"video.default\">\n\t\t\t\t<div class=\"elementor-widget-container\">\n\t\t\t\t\t\t\t<div class=\"elementor-wrapper elementor-open-inline\">\n\t\t\t<div class=\"elementor-video\"><\/div>\t\t<\/div>\n\t\t\t\t\t\t<\/div>\n\t\t\t\t<\/div>\n\t\t\t\t<\/div>\n\t\t\t\t\t<\/div>\n\t\t\t\t<\/div>\n\t\t\t\t\t<\/div>\n\t\t\t\t<\/div>\n\t\t\t\t<\/div>\n\t\t","protected":false},"excerpt":{"rendered":"<p>Valon ja liikkeen vuosikymmenet Kuvanveisto-, video-, valo-, laser- ja tietokonetaide Antti Maasalon taiteessa on keskeist\u00e4 ajan kuvaaminen liikkeen kautta, ns. aika-tila on h\u00e4nen tapansa k\u00e4sitell\u00e4 ulottuvuuksia. Samalla h\u00e4n kuvaa tajunnan kerrostumia. Teoksissa katsotaan samanaikaisesti avaruuteen ja mielen syvyyksiin. Maasalon tilateoksissa voi aistia menneen ja tulevan, \u00e4\u00e4rellisen ja \u00e4\u00e4rett\u00f6m\u00e4n. Soiva tila luo illuusion neliulotteisesta avaruudesta. Liike [&hellip;]<\/p>\n","protected":false},"author":1,"featured_media":34,"parent":0,"menu_order":0,"comment_status":"closed","ping_status":"closed","template":"","meta":{"footnotes":""},"class_list":["post-8","page","type-page","status-publish","has-post-thumbnail","hentry"],"_links":{"self":[{"href":"https:\/\/maasalo.fi\/index.php?rest_route=\/wp\/v2\/pages\/8","targetHints":{"allow":["GET"]}}],"collection":[{"href":"https:\/\/maasalo.fi\/index.php?rest_route=\/wp\/v2\/pages"}],"about":[{"href":"https:\/\/maasalo.fi\/index.php?rest_route=\/wp\/v2\/types\/page"}],"author":[{"embeddable":true,"href":"https:\/\/maasalo.fi\/index.php?rest_route=\/wp\/v2\/users\/1"}],"replies":[{"embeddable":true,"href":"https:\/\/maasalo.fi\/index.php?rest_route=%2Fwp%2Fv2%2Fcomments&post=8"}],"version-history":[{"count":13,"href":"https:\/\/maasalo.fi\/index.php?rest_route=\/wp\/v2\/pages\/8\/revisions"}],"predecessor-version":[{"id":512,"href":"https:\/\/maasalo.fi\/index.php?rest_route=\/wp\/v2\/pages\/8\/revisions\/512"}],"wp:featuredmedia":[{"embeddable":true,"href":"https:\/\/maasalo.fi\/index.php?rest_route=\/wp\/v2\/media\/34"}],"wp:attachment":[{"href":"https:\/\/maasalo.fi\/index.php?rest_route=%2Fwp%2Fv2%2Fmedia&parent=8"}],"curies":[{"name":"wp","href":"https:\/\/api.w.org\/{rel}","templated":true}]}}