{"id":112,"date":"2024-02-14T14:51:13","date_gmt":"2024-02-14T12:51:13","guid":{"rendered":"https:\/\/maasalo.fi\/?page_id=112"},"modified":"2024-02-14T15:23:16","modified_gmt":"2024-02-14T13:23:16","slug":"mainingit","status":"publish","type":"page","link":"https:\/\/maasalo.fi\/?page_id=112","title":{"rendered":"Mainingit"},"content":{"rendered":"\t\t<div data-elementor-type=\"wp-page\" data-elementor-id=\"112\" class=\"elementor elementor-112\" data-elementor-post-type=\"page\">\n\t\t\t\t<div class=\"elementor-element elementor-element-e671aeb e-flex e-con-boxed e-con e-parent\" data-id=\"e671aeb\" data-element_type=\"container\" data-e-type=\"container\">\n\t\t\t\t\t<div class=\"e-con-inner\">\n\t\t\t\t<div class=\"elementor-element elementor-element-d21cf30 elementor-widget elementor-widget-heading\" data-id=\"d21cf30\" data-element_type=\"widget\" data-e-type=\"widget\" data-widget_type=\"heading.default\">\n\t\t\t\t<div class=\"elementor-widget-container\">\n\t\t\t\t\t<h2 class=\"elementor-heading-title elementor-size-default\">Mainingit<\/h2>\t\t\t\t<\/div>\n\t\t\t\t<\/div>\n\t\t\t\t<div class=\"elementor-element elementor-element-d8f175d elementor-widget elementor-widget-image\" data-id=\"d8f175d\" data-element_type=\"widget\" data-e-type=\"widget\" data-widget_type=\"image.default\">\n\t\t\t\t<div class=\"elementor-widget-container\">\n\t\t\t\t\t\t\t\t\t\t\t\t\t\t\t<img fetchpriority=\"high\" decoding=\"async\" width=\"549\" height=\"329\" src=\"https:\/\/maasalo.fi\/wp-content\/uploads\/2024\/02\/kuva1.jpg\" class=\"attachment-large size-large wp-image-114\" alt=\"\" srcset=\"https:\/\/maasalo.fi\/wp-content\/uploads\/2024\/02\/kuva1.jpg 549w, https:\/\/maasalo.fi\/wp-content\/uploads\/2024\/02\/kuva1-300x180.jpg 300w\" sizes=\"(max-width: 549px) 100vw, 549px\" \/>\t\t\t\t\t\t\t\t\t\t\t\t\t\t\t<\/div>\n\t\t\t\t<\/div>\n\t\t\t\t\t<\/div>\n\t\t\t\t<\/div>\n\t\t<div class=\"elementor-element elementor-element-1cc3269 e-flex e-con-boxed e-con e-parent\" data-id=\"1cc3269\" data-element_type=\"container\" data-e-type=\"container\">\n\t\t\t\t\t<div class=\"e-con-inner\">\n\t\t\t\t<div class=\"elementor-element elementor-element-4fe4112 elementor-widget__width-initial elementor-widget elementor-widget-text-editor\" data-id=\"4fe4112\" data-element_type=\"widget\" data-e-type=\"widget\" data-widget_type=\"text-editor.default\">\n\t\t\t\t<div class=\"elementor-widget-container\">\n\t\t\t\t\t\t\t\t\t<p><strong>Periaatekuva pystytyksest\u00e4<\/strong><\/p><p>Verkkoryhm\u00e4t menev\u00e4t keskell\u00e4 ristiin ja koskettavat toisiaan x-kohdissa (nojaavat toisiinsa)<\/p>\t\t\t\t\t\t\t\t<\/div>\n\t\t\t\t<\/div>\n\t\t\t\t<div class=\"elementor-element elementor-element-068a23b elementor-widget elementor-widget-image\" data-id=\"068a23b\" data-element_type=\"widget\" data-e-type=\"widget\" data-widget_type=\"image.default\">\n\t\t\t\t<div class=\"elementor-widget-container\">\n\t\t\t\t\t\t\t\t\t\t\t\t\t\t\t<img decoding=\"async\" width=\"195\" height=\"255\" src=\"https:\/\/maasalo.fi\/wp-content\/uploads\/2024\/02\/kuva2.jpg\" class=\"attachment-large size-large wp-image-118\" alt=\"\" \/>\t\t\t\t\t\t\t\t\t\t\t\t\t\t\t<\/div>\n\t\t\t\t<\/div>\n\t\t\t\t\t<\/div>\n\t\t\t\t<\/div>\n\t\t<div class=\"elementor-element elementor-element-7c92ac1 e-flex e-con-boxed e-con e-parent\" data-id=\"7c92ac1\" data-element_type=\"container\" data-e-type=\"container\">\n\t\t\t\t\t<div class=\"e-con-inner\">\n\t\t\t\t<div class=\"elementor-element elementor-element-31a7567 elementor-widget elementor-widget-heading\" data-id=\"31a7567\" data-element_type=\"widget\" data-e-type=\"widget\" data-widget_type=\"heading.default\">\n\t\t\t\t<div class=\"elementor-widget-container\">\n\t\t\t\t\t<h3 class=\"elementor-heading-title elementor-size-default\">Teoksen pystytys Lappaj\u00e4rvell\u00e4 1998<\/h3>\t\t\t\t<\/div>\n\t\t\t\t<\/div>\n\t\t<div class=\"elementor-element elementor-element-0059e0e e-flex e-con-boxed e-con e-child\" data-id=\"0059e0e\" data-element_type=\"container\" data-e-type=\"container\">\n\t\t\t\t\t<div class=\"e-con-inner\">\n\t\t<div class=\"elementor-element elementor-element-f2c5000 e-flex e-con-boxed e-con e-child\" data-id=\"f2c5000\" data-element_type=\"container\" data-e-type=\"container\">\n\t\t\t\t\t<div class=\"e-con-inner\">\n\t\t\t\t<div class=\"elementor-element elementor-element-ddb7276 elementor-widget elementor-widget-image\" data-id=\"ddb7276\" data-element_type=\"widget\" data-e-type=\"widget\" data-widget_type=\"image.default\">\n\t\t\t\t<div class=\"elementor-widget-container\">\n\t\t\t\t\t\t\t\t\t\t\t\t\t\t\t<img decoding=\"async\" width=\"349\" height=\"205\" src=\"https:\/\/maasalo.fi\/wp-content\/uploads\/2024\/02\/pystytys.jpg\" class=\"attachment-large size-large wp-image-124\" alt=\"\" srcset=\"https:\/\/maasalo.fi\/wp-content\/uploads\/2024\/02\/pystytys.jpg 349w, https:\/\/maasalo.fi\/wp-content\/uploads\/2024\/02\/pystytys-300x176.jpg 300w\" sizes=\"(max-width: 349px) 100vw, 349px\" \/>\t\t\t\t\t\t\t\t\t\t\t\t\t\t\t<\/div>\n\t\t\t\t<\/div>\n\t\t\t\t\t<\/div>\n\t\t\t\t<\/div>\n\t\t<div class=\"elementor-element elementor-element-820dc47 e-flex e-con-boxed e-con e-child\" data-id=\"820dc47\" data-element_type=\"container\" data-e-type=\"container\">\n\t\t\t\t\t<div class=\"e-con-inner\">\n\t\t\t\t<div class=\"elementor-element elementor-element-bf0042a elementor-widget elementor-widget-image\" data-id=\"bf0042a\" data-element_type=\"widget\" data-e-type=\"widget\" data-widget_type=\"image.default\">\n\t\t\t\t<div class=\"elementor-widget-container\">\n\t\t\t\t\t\t\t\t\t\t\t\t\t\t\t<img loading=\"lazy\" decoding=\"async\" width=\"302\" height=\"220\" src=\"https:\/\/maasalo.fi\/wp-content\/uploads\/2024\/02\/pystytys2.jpg\" class=\"attachment-large size-large wp-image-125\" alt=\"\" srcset=\"https:\/\/maasalo.fi\/wp-content\/uploads\/2024\/02\/pystytys2.jpg 302w, https:\/\/maasalo.fi\/wp-content\/uploads\/2024\/02\/pystytys2-300x219.jpg 300w\" sizes=\"(max-width: 302px) 100vw, 302px\" \/>\t\t\t\t\t\t\t\t\t\t\t\t\t\t\t<\/div>\n\t\t\t\t<\/div>\n\t\t\t\t\t<\/div>\n\t\t\t\t<\/div>\n\t\t<div class=\"elementor-element elementor-element-892e944 e-con-full e-flex e-con e-child\" data-id=\"892e944\" data-element_type=\"container\" data-e-type=\"container\">\n\t\t\t\t<div class=\"elementor-element elementor-element-ab36f4b elementor-widget elementor-widget-image\" data-id=\"ab36f4b\" data-element_type=\"widget\" data-e-type=\"widget\" data-widget_type=\"image.default\">\n\t\t\t\t<div class=\"elementor-widget-container\">\n\t\t\t\t\t\t\t\t\t\t\t\t\t\t\t<img loading=\"lazy\" decoding=\"async\" width=\"351\" height=\"241\" src=\"https:\/\/maasalo.fi\/wp-content\/uploads\/2024\/02\/32.jpg\" class=\"attachment-large size-large wp-image-123\" alt=\"\" srcset=\"https:\/\/maasalo.fi\/wp-content\/uploads\/2024\/02\/32.jpg 351w, https:\/\/maasalo.fi\/wp-content\/uploads\/2024\/02\/32-300x206.jpg 300w\" sizes=\"(max-width: 351px) 100vw, 351px\" \/>\t\t\t\t\t\t\t\t\t\t\t\t\t\t\t<\/div>\n\t\t\t\t<\/div>\n\t\t\t\t<\/div>\n\t\t<div class=\"elementor-element elementor-element-32849b3 e-flex e-con-boxed e-con e-child\" data-id=\"32849b3\" data-element_type=\"container\" data-e-type=\"container\">\n\t\t\t\t\t<div class=\"e-con-inner\">\n\t\t\t\t<div class=\"elementor-element elementor-element-ce1726d elementor-widget elementor-widget-image\" data-id=\"ce1726d\" data-element_type=\"widget\" data-e-type=\"widget\" data-widget_type=\"image.default\">\n\t\t\t\t<div class=\"elementor-widget-container\">\n\t\t\t\t\t\t\t\t\t\t\t\t\t\t\t<img loading=\"lazy\" decoding=\"async\" width=\"348\" height=\"266\" src=\"https:\/\/maasalo.fi\/wp-content\/uploads\/2024\/02\/3.jpg\" class=\"attachment-large size-large wp-image-122\" alt=\"\" srcset=\"https:\/\/maasalo.fi\/wp-content\/uploads\/2024\/02\/3.jpg 348w, https:\/\/maasalo.fi\/wp-content\/uploads\/2024\/02\/3-300x229.jpg 300w\" sizes=\"(max-width: 348px) 100vw, 348px\" \/>\t\t\t\t\t\t\t\t\t\t\t\t\t\t\t<\/div>\n\t\t\t\t<\/div>\n\t\t\t\t\t<\/div>\n\t\t\t\t<\/div>\n\t\t\t\t\t<\/div>\n\t\t\t\t<\/div>\n\t\t\t\t\t<\/div>\n\t\t\t\t<\/div>\n\t\t\t\t<\/div>\n\t\t","protected":false},"excerpt":{"rendered":"<p>Mainingit Periaatekuva pystytyksest\u00e4 Verkkoryhm\u00e4t menev\u00e4t keskell\u00e4 ristiin ja koskettavat toisiaan x-kohdissa (nojaavat toisiinsa) Teoksen pystytys Lappaj\u00e4rvell\u00e4 1998<\/p>\n","protected":false},"author":1,"featured_media":0,"parent":0,"menu_order":0,"comment_status":"closed","ping_status":"closed","template":"","meta":{"footnotes":""},"class_list":["post-112","page","type-page","status-publish","hentry"],"_links":{"self":[{"href":"https:\/\/maasalo.fi\/index.php?rest_route=\/wp\/v2\/pages\/112","targetHints":{"allow":["GET"]}}],"collection":[{"href":"https:\/\/maasalo.fi\/index.php?rest_route=\/wp\/v2\/pages"}],"about":[{"href":"https:\/\/maasalo.fi\/index.php?rest_route=\/wp\/v2\/types\/page"}],"author":[{"embeddable":true,"href":"https:\/\/maasalo.fi\/index.php?rest_route=\/wp\/v2\/users\/1"}],"replies":[{"embeddable":true,"href":"https:\/\/maasalo.fi\/index.php?rest_route=%2Fwp%2Fv2%2Fcomments&post=112"}],"version-history":[{"count":13,"href":"https:\/\/maasalo.fi\/index.php?rest_route=\/wp\/v2\/pages\/112\/revisions"}],"predecessor-version":[{"id":131,"href":"https:\/\/maasalo.fi\/index.php?rest_route=\/wp\/v2\/pages\/112\/revisions\/131"}],"wp:attachment":[{"href":"https:\/\/maasalo.fi\/index.php?rest_route=%2Fwp%2Fv2%2Fmedia&parent=112"}],"curies":[{"name":"wp","href":"https:\/\/api.w.org\/{rel}","templated":true}]}}